{"id":30244,"date":"2021-03-26T11:30:25","date_gmt":"2021-03-26T11:30:25","guid":{"rendered":"http:\/\/yogaesoteric.net\/contact\/"},"modified":"2021-10-22T09:50:28","modified_gmt":"2021-10-22T09:50:28","slug":"contact","status":"publish","type":"page","link":"https:\/\/yogaesoteric.net\/en\/contact\/","title":{"rendered":"Contact MISA School of Esoteric Yoga"},"content":{"rendered":"<div style=\"text-align: center;\" align=\"center\">\n<p><strong>*ROM\u00c2NIA*<\/strong><br \/>\n<strong>The Movement for Spiritual Integration in Absolute<\/strong><\/p>\n<p>*Bucure\u015fti*<br \/>\nCentrul de informare MISA<br \/>\n\u015eoseaua S\u0103laj Nr.2, Bl.126A, parter<br \/>\nSector 5, Bucure\u015fti<br \/>\nSite web: <a href=\"https:\/\/misa.yoga\/\" target=\"_blank\" rel=\"noopener\">https:\/\/misa.yoga\/<\/a><br \/>\nE-mail: contact@misa.yoga<\/p>\n<p>Telefon\/fax (+40) 21 \u2013 424 23 69<\/p>\n<p><strong>YOGA ONLINE<\/strong><\/p>\n<p><strong>LiveOnlineYoga<\/strong><br \/>\nContact: Virginia M\u0103rginean<br \/>\ne-mail: \u00a0liveonlineyoga@gmail.com<\/p>\n<p>Website: <a href=\"https:\/\/www.yogaesoteric.net\" target=\"_blank\" rel=\"noopener\">www.yogaesoteric.net<\/a><br \/>\nE-mail: redactie@yogaesoteric.net<br \/>\nE-mail webmaster: webmaster@yogaesoteric.net<\/p>\n<p align=\"left\"><strong>yogaesoteric<\/strong><\/p>\n<\/div>\n","protected":false},"excerpt":{"rendered":"<p>*ROM\u00c2NIA* The Movement for Spiritual Integration in Absolute *Bucure\u015fti* Centrul de informare MISA \u015eoseaua S\u0103laj Nr.2, Bl.126A, parter Sector 5, Bucure\u015fti Site web: https:\/\/misa.yoga\/ E-mail: contact@misa.yoga Telefon\/fax (+40) 21 \u2013 424 23 69 YOGA ONLINE LiveOnlineYoga Contact: Virginia M\u0103rginean e-mail: \u00a0liveonlineyoga@gmail.com Website: www.yogaesoteric.net E-mail: redactie@yogaesoteric.net E-mail webmaster: webmaster@yogaesoteric.net yogaesoteric<\/p>\n","protected":false},"author":1,"featured_media":0,"parent":0,"menu_order":0,"comment_status":"closed","ping_status":"closed","template":"","meta":{"_uf_show_specific_survey":0,"_uf_disable_surveys":false,"footnotes":""},"class_list":["post-30244","page","type-page","status-publish","hentry"],"_links":{"self":[{"href":"https:\/\/yogaesoteric.net\/en\/wp-json\/wp\/v2\/pages\/30244","targetHints":{"allow":["GET"]}}],"collection":[{"href":"https:\/\/yogaesoteric.net\/en\/wp-json\/wp\/v2\/pages"}],"about":[{"href":"https:\/\/yogaesoteric.net\/en\/wp-json\/wp\/v2\/types\/page"}],"author":[{"embeddable":true,"href":"https:\/\/yogaesoteric.net\/en\/wp-json\/wp\/v2\/users\/1"}],"replies":[{"embeddable":true,"href":"https:\/\/yogaesoteric.net\/en\/wp-json\/wp\/v2\/comments?post=30244"}],"version-history":[{"count":14,"href":"https:\/\/yogaesoteric.net\/en\/wp-json\/wp\/v2\/pages\/30244\/revisions"}],"predecessor-version":[{"id":57570,"href":"https:\/\/yogaesoteric.net\/en\/wp-json\/wp\/v2\/pages\/30244\/revisions\/57570"}],"wp:attachment":[{"href":"https:\/\/yogaesoteric.net\/en\/wp-json\/wp\/v2\/media?parent=30244"}],"curies":[{"name":"wp","href":"https:\/\/api.w.org\/{rel}","templated":true}]}}